{"id":423,"date":"2021-05-05T08:56:08","date_gmt":"2021-05-05T08:56:08","guid":{"rendered":"https:\/\/residenciaeljardi.com\/?page_id=423"},"modified":"2023-12-19T11:16:31","modified_gmt":"2023-12-19T11:16:31","slug":"instalaciones","status":"publish","type":"page","link":"https:\/\/residenciaeljardi.com\/es\/instalaciones\/","title":{"rendered":"Instalaciones"},"content":{"rendered":"<p>[vc_row css_animation=\u00bbelement_from_bottom\u00bb row_type=\u00bbrow\u00bb use_row_as_full_screen_section=\u00bbno\u00bb type=\u00bbgrid\u00bb angled_section=\u00bbno\u00bb text_align=\u00bbcenter\u00bb background_image_as_pattern=\u00bbwithout_pattern\u00bb z_index=\u00bb\u00bb][vc_column][vc_empty_space height=\u00bb60px\u00bb][vc_column_text]<\/p>\n<h1 style=\"text-align: center;\"><span style=\"color: #818181;\"><strong>Instalaciones<\/strong><\/span><\/h1>\n<p>[\/vc_column_text][vc_separator type=\u00bbsmall\u00bb position=\u00bbcenter\u00bb color=\u00bb#818181&#8243; thickness=\u00bb1,5&#8243; width=\u00bb20&#8243;][\/vc_column][\/vc_row][vc_row css_animation=\u00bb\u00bb row_type=\u00bbrow\u00bb use_row_as_full_screen_section=\u00bbno\u00bb type=\u00bbgrid\u00bb angled_section=\u00bbno\u00bb text_align=\u00bbleft\u00bb background_image_as_pattern=\u00bbwithout_pattern\u00bb z_index=\u00bb\u00bb][vc_column][vc_empty_space height=\u00bb60px\u00bb][vc_column_text]Para una mejor convivencia, en la residencia El Jard\u00ed de l&#8217;Empord\u00e0, existen dos sectores diferenciados, el de aut\u00f3nomos 18 plazas y el de asistidos 7 plazas, que suman un total de 25 residentes. El crear dos espacios, nos permite dar a nuestros mayores, el ambiente de calidad que se merecen. Es decir, el hecho que tengamos bien diferenciadas dos zonas de convivencia, hace que podamos aplicar con esmero la ACP (Atenci\u00f3n Centrada en la Persona), adaptando nuestro servicio a las necesidades del perfil de cada uno de nuestros residentes.<\/p>\n<p>&nbsp;<\/p>\n<p>Contamos con 8 habitaciones dobles y 9 individuales, todas ellas exteriores y con vistas al jard\u00edn. Las habitaciones est\u00e1n equipadas con todo lo necesario para el bienestar de nuestros mayores y para atender sus necesidades especificas, seg\u00fan su grado de dependencia.[\/vc_column_text][vc_empty_space height=\u00bb60px\u00bb][\/vc_column][\/vc_row][vc_row css_animation=\u00bbelement_from_bottom\u00bb row_type=\u00bbrow\u00bb use_row_as_full_screen_section=\u00bbno\u00bb type=\u00bbgrid\u00bb angled_section=\u00bbno\u00bb text_align=\u00bbcenter\u00bb background_image_as_pattern=\u00bbwithout_pattern\u00bb z_index=\u00bb\u00bb css=\u00bb.vc_custom_1644858578448{background-color: #e1d9cc !important;}\u00bb][vc_column][vc_empty_space height=\u00bb60px\u00bb][\/vc_column][\/vc_row][vc_row css_animation=\u00bbelement_from_bottom\u00bb row_type=\u00bbrow\u00bb use_row_as_full_screen_section=\u00bbno\u00bb type=\u00bbgrid\u00bb angled_section=\u00bbno\u00bb text_align=\u00bbcenter\u00bb background_image_as_pattern=\u00bbwithout_pattern\u00bb z_index=\u00bb\u00bb css=\u00bb.vc_custom_1644907670228{background-color: #e1d9cc !important;}\u00bb][vc_column width=\u00bb1\/2&#8243;][vc_single_image image=\u00bb1753&#8243; img_size=\u00bb530&#215;240&#8243; qode_css_animation=\u00bb\u00bb qode_hover_animation=\u00bbbottom_title\u00bb][vc_empty_space height=\u00bb10&#8243;][vc_single_image image=\u00bb1737&#8243; img_size=\u00bb530&#215;240&#8243; qode_css_animation=\u00bb\u00bb qode_hover_animation=\u00bbbottom_title\u00bb][vc_empty_space height=\u00bb10&#8243;][\/vc_column][vc_column width=\u00bb1\/2&#8243;][vc_single_image image=\u00bb1751&#8243; img_size=\u00bb530&#215;490&#8243; qode_css_animation=\u00bb\u00bb qode_hover_animation=\u00bbbottom_title\u00bb][vc_empty_space height=\u00bb10&#8243;][\/vc_column][\/vc_row][vc_row css_animation=\u00bbelement_from_bottom\u00bb row_type=\u00bbrow\u00bb use_row_as_full_screen_section=\u00bbno\u00bb type=\u00bbgrid\u00bb angled_section=\u00bbno\u00bb text_align=\u00bbcenter\u00bb background_image_as_pattern=\u00bbwithout_pattern\u00bb z_index=\u00bb\u00bb css=\u00bb.vc_custom_1644858601836{background-color: #e1d9cc !important;}\u00bb][vc_column][vc_empty_space height=\u00bb32&#8243;][\/vc_column][\/vc_row][vc_row css_animation=\u00bbelement_from_bottom\u00bb row_type=\u00bbrow\u00bb use_row_as_full_screen_section=\u00bbno\u00bb type=\u00bbgrid\u00bb angled_section=\u00bbno\u00bb text_align=\u00bbcenter\u00bb background_image_as_pattern=\u00bbwithout_pattern\u00bb z_index=\u00bb\u00bb css=\u00bb.vc_custom_1644907670228{background-color: #e1d9cc !important;}\u00bb][vc_column width=\u00bb1\/2&#8243;][vc_single_image image=\u00bb1761&#8243; img_size=\u00bb530&#215;490&#8243; qode_css_animation=\u00bb\u00bb qode_hover_animation=\u00bbbottom_title\u00bb][vc_empty_space height=\u00bb10&#8243;][\/vc_column][vc_column width=\u00bb1\/2&#8243;][vc_single_image image=\u00bb1731&#8243; img_size=\u00bb530&#215;240&#8243; qode_css_animation=\u00bb\u00bb qode_hover_animation=\u00bbbottom_title\u00bb][vc_empty_space height=\u00bb10&#8243;][vc_single_image image=\u00bb1733&#8243; img_size=\u00bb530&#215;240&#8243; qode_css_animation=\u00bb\u00bb qode_hover_animation=\u00bbbottom_title\u00bb][vc_empty_space height=\u00bb10&#8243;][\/vc_column][\/vc_row][vc_row css_animation=\u00bbelement_from_bottom\u00bb row_type=\u00bbrow\u00bb use_row_as_full_screen_section=\u00bbno\u00bb type=\u00bbgrid\u00bb angled_section=\u00bbno\u00bb text_align=\u00bbcenter\u00bb background_image_as_pattern=\u00bbwithout_pattern\u00bb z_index=\u00bb\u00bb css=\u00bb.vc_custom_1644858601836{background-color: #e1d9cc !important;}\u00bb][vc_column][vc_empty_space height=\u00bb32&#8243;][\/vc_column][\/vc_row][vc_row css_animation=\u00bbelement_from_bottom\u00bb row_type=\u00bbrow\u00bb use_row_as_full_screen_section=\u00bbno\u00bb type=\u00bbgrid\u00bb angled_section=\u00bbno\u00bb text_align=\u00bbcenter\u00bb background_image_as_pattern=\u00bbwithout_pattern\u00bb z_index=\u00bb\u00bb css=\u00bb.vc_custom_1644907670228{background-color: #e1d9cc !important;}\u00bb][vc_column width=\u00bb1\/2&#8243;][vc_single_image image=\u00bb1735&#8243; img_size=\u00bb530&#215;240&#8243; qode_css_animation=\u00bb\u00bb qode_hover_animation=\u00bbbottom_title\u00bb][vc_empty_space height=\u00bb10&#8243;][vc_single_image image=\u00bb1747&#8243; img_size=\u00bb530&#215;240&#8243; qode_css_animation=\u00bb\u00bb qode_hover_animation=\u00bbbottom_title\u00bb][vc_empty_space height=\u00bb10&#8243;][\/vc_column][vc_column width=\u00bb1\/2&#8243;][vc_single_image image=\u00bb1745&#8243; img_size=\u00bb530&#215;490&#8243; qode_css_animation=\u00bb\u00bb qode_hover_animation=\u00bbbottom_title\u00bb][vc_empty_space height=\u00bb10&#8243;][\/vc_column][\/vc_row][vc_row css_animation=\u00bbelement_from_bottom\u00bb row_type=\u00bbrow\u00bb use_row_as_full_screen_section=\u00bbno\u00bb type=\u00bbgrid\u00bb angled_section=\u00bbno\u00bb text_align=\u00bbcenter\u00bb background_image_as_pattern=\u00bbwithout_pattern\u00bb z_index=\u00bb\u00bb css=\u00bb.vc_custom_1644858649432{background-color: #e1d9cc !important;}\u00bb][vc_column][vc_empty_space height=\u00bb32&#8243;][\/vc_column][\/vc_row][vc_row css_animation=\u00bbelement_from_bottom\u00bb row_type=\u00bbrow\u00bb use_row_as_full_screen_section=\u00bbno\u00bb type=\u00bbgrid\u00bb angled_section=\u00bbno\u00bb text_align=\u00bbcenter\u00bb background_image_as_pattern=\u00bbwithout_pattern\u00bb z_index=\u00bb\u00bb css=\u00bb.vc_custom_1644907670228{background-color: #e1d9cc !important;}\u00bb][vc_column width=\u00bb1\/2&#8243;][vc_single_image image=\u00bb1755&#8243; img_size=\u00bb530&#215;490&#8243; qode_css_animation=\u00bb\u00bb qode_hover_animation=\u00bbbottom_title\u00bb][vc_empty_space height=\u00bb10&#8243;][\/vc_column][vc_column width=\u00bb1\/2&#8243;][vc_single_image image=\u00bb1743&#8243; img_size=\u00bb530&#215;240&#8243; qode_css_animation=\u00bb\u00bb qode_hover_animation=\u00bbbottom_title\u00bb][vc_empty_space height=\u00bb10&#8243;][vc_single_image image=\u00bb1757&#8243; img_size=\u00bb530&#215;240&#8243; qode_css_animation=\u00bb\u00bb qode_hover_animation=\u00bbbottom_title\u00bb][\/vc_column][\/vc_row][vc_row css_animation=\u00bbelement_from_bottom\u00bb row_type=\u00bbrow\u00bb use_row_as_full_screen_section=\u00bbno\u00bb type=\u00bbgrid\u00bb angled_section=\u00bbno\u00bb text_align=\u00bbcenter\u00bb background_image_as_pattern=\u00bbwithout_pattern\u00bb z_index=\u00bb\u00bb css=\u00bb.vc_custom_1644858669818{background-color: #e1d9cc !important;}\u00bb][vc_column][vc_empty_space height=\u00bb32&#8243;][\/vc_column][\/vc_row][vc_row css_animation=\u00bb\u00bb row_type=\u00bbrow\u00bb use_row_as_full_screen_section=\u00bbno\u00bb type=\u00bbfull_width\u00bb angled_section=\u00bbno\u00bb text_align=\u00bbleft\u00bb background_image_as_pattern=\u00bbwithout_pattern\u00bb][vc_column][vc_empty_space height=\u00bb60&#8243;][\/vc_column][\/vc_row][vc_row css_animation=\u00bbelement_from_bottom\u00bb row_type=\u00bbrow\u00bb use_row_as_full_screen_section=\u00bbno\u00bb type=\u00bbgrid\u00bb angled_section=\u00bbno\u00bb text_align=\u00bbcenter\u00bb background_image_as_pattern=\u00bbwithout_pattern\u00bb z_index=\u00bb\u00bb][vc_column][vc_column_text]<\/p>\n<h2 style=\"text-align: center;\"><strong><span style=\"color: #818181;\">Nuestras instalaciones<\/span><\/strong><\/h2>\n<p>[\/vc_column_text][vc_separator type=\u00bbsmall\u00bb position=\u00bbcenter\u00bb color=\u00bb#818181&#8243; thickness=\u00bb1,5&#8243; width=\u00bb20&#8243;][vc_empty_space height=\u00bb32&#8243;][\/vc_column][\/vc_row][vc_row css_animation=\u00bb\u00bb row_type=\u00bbrow\u00bb use_row_as_full_screen_section=\u00bbno\u00bb type=\u00bbgrid\u00bb angled_section=\u00bbno\u00bb text_align=\u00bbleft\u00bb background_image_as_pattern=\u00bbwithout_pattern\u00bb z_index=\u00bb\u00bb][vc_column width=\u00bb1\/4&#8243;]<div class=\"q_icon_list\"><i class=\"qode_icon_font_awesome fa fa-check qode-ili-icon-holder transparent\" style=\"color: #818181;\" ><\/i><p style=\"color:#818181;\">800 metros construidos<\/p><\/div>[\/vc_column][vc_column width=\u00bb1\/4&#8243;]<div class=\"q_icon_list\"><i class=\"qode_icon_font_awesome fa fa-check qode-ili-icon-holder transparent\" style=\"color: #818181;\" ><\/i><p style=\"color:#818181;\">3.000 metros de jard\u00edn<\/p><\/div>[\/vc_column][vc_column width=\u00bb1\/4&#8243;]<div class=\"q_icon_list\"><i class=\"qode_icon_font_awesome fa fa-check qode-ili-icon-holder transparent\" style=\"color: #818181;\" ><\/i><p style=\"color:#818181;\">2 terrazas cubiertas<\/p><\/div>[\/vc_column][vc_column width=\u00bb1\/4&#8243;]<div class=\"q_icon_list\"><i class=\"qode_icon_font_awesome fa fa-check qode-ili-icon-holder transparent\" style=\"color: #818181;\" ><\/i><p style=\"color:#818181;\">Fuente con 4 bancos<\/p><\/div>[\/vc_column][\/vc_row][vc_row css_animation=\u00bb\u00bb row_type=\u00bbrow\u00bb use_row_as_full_screen_section=\u00bbno\u00bb type=\u00bbgrid\u00bb angled_section=\u00bbno\u00bb text_align=\u00bbleft\u00bb background_image_as_pattern=\u00bbwithout_pattern\u00bb z_index=\u00bb\u00bb][vc_column width=\u00bb1\/4&#8243;]<div class=\"q_icon_list\"><i class=\"qode_icon_font_awesome fa fa-check qode-ili-icon-holder transparent\" style=\"color: #818181;\" ><\/i><p style=\"color:#818181;\">Sala fisioterapia<\/p><\/div>[\/vc_column][vc_column width=\u00bb1\/4&#8243;]<div class=\"q_icon_list\"><i class=\"qode_icon_font_awesome fa fa-check qode-ili-icon-holder transparent\" style=\"color: #818181;\" ><\/i><p style=\"color:#818181;\">Habitaci\u00f3n doble<\/p><\/div>[\/vc_column][vc_column width=\u00bb1\/4&#8243;]<div class=\"q_icon_list\"><i class=\"qode_icon_font_awesome fa fa-check qode-ili-icon-holder transparent\" style=\"color: #818181;\" ><\/i><p style=\"color:#818181;\">Habitaci\u00f3n individual<\/p><\/div>[\/vc_column][vc_column width=\u00bb1\/4&#8243;]<div class=\"q_icon_list\"><i class=\"qode_icon_font_awesome fa fa-check qode-ili-icon-holder transparent\" style=\"color: #818181;\" ><\/i><p style=\"color:#818181;\">Peluquer\u00eda<\/p><\/div>[\/vc_column][\/vc_row][vc_row css_animation=\u00bb\u00bb row_type=\u00bbrow\u00bb use_row_as_full_screen_section=\u00bbno\u00bb type=\u00bbgrid\u00bb angled_section=\u00bbno\u00bb text_align=\u00bbleft\u00bb background_image_as_pattern=\u00bbwithout_pattern\u00bb z_index=\u00bb\u00bb][vc_column width=\u00bb1\/4&#8243;]<div class=\"q_icon_list\"><i class=\"qode_icon_font_awesome fa fa-check qode-ili-icon-holder transparent\" style=\"color: #818181;\" ><\/i><p style=\"color:#818181;\">Zona com\u00fan<\/p><\/div>[\/vc_column][vc_column width=\u00bb1\/4&#8243;]<div class=\"q_icon_list\"><i class=\"qode_icon_font_awesome fa fa-check qode-ili-icon-holder transparent\" style=\"color: #818181;\" ><\/i><p style=\"color:#818181;\">Biblioteca con ordenador<\/p><\/div>[\/vc_column][vc_column width=\u00bb1\/4&#8243;]<div class=\"q_icon_list\"><i class=\"qode_icon_font_awesome fa fa-check qode-ili-icon-holder transparent\" style=\"color: #818181;\" ><\/i><p style=\"color:#818181;\">3 salas con TV<\/p><\/div>[\/vc_column][vc_column width=\u00bb1\/4&#8243;]<div class=\"q_icon_list\"><i class=\"qode_icon_font_awesome fa fa-check qode-ili-icon-holder transparent\" style=\"color: #818181;\" ><\/i><p style=\"color:#818181;\">Cocina<\/p><\/div>[\/vc_column][\/vc_row][vc_row css_animation=\u00bb\u00bb row_type=\u00bbrow\u00bb use_row_as_full_screen_section=\u00bbno\u00bb type=\u00bbfull_width\u00bb angled_section=\u00bbno\u00bb text_align=\u00bbleft\u00bb background_image_as_pattern=\u00bbwithout_pattern\u00bb][vc_column][vc_empty_space height=\u00bb60&#8243;][\/vc_column][\/vc_row][vc_row css_animation=\u00bb\u00bb row_type=\u00bbrow\u00bb use_row_as_full_screen_section=\u00bbno\u00bb type=\u00bbgrid\u00bb angled_section=\u00bbno\u00bb text_align=\u00bbleft\u00bb background_image_as_pattern=\u00bbwithout_pattern\u00bb z_index=\u00bb\u00bb background_image=\u00bb1577&#8243;][vc_column][vc_empty_space height=\u00bb60px\u00bb][vc_column_text]<\/p>\n<div style=\"text-align: center;\">\n<h2 style=\"background: #ffffffab; display: inline-block; padding: 0px 10px;\"><span style=\"color: #818181;\"><strong><em><span style=\"color: ##fae1a0;\">\u00abNuestras instalaciones han sido dise\u00f1adas para fomentar la convivencia y ofrecer servicios de calidad.\u00bb<\/span><\/em><\/strong><\/span><\/h2>\n<\/div>\n<p>[\/vc_column_text][vc_empty_space height=\u00bb60px\u00bb][\/vc_column][\/vc_row]<\/p>\n","protected":false},"excerpt":{"rendered":"<p>[vc_row css_animation=\u00bbelement_from_bottom\u00bb row_type=\u00bbrow\u00bb use_row_as_full_screen_section=\u00bbno\u00bb type=\u00bbgrid\u00bb angled_section=\u00bbno\u00bb text_align=\u00bbcenter\u00bb background_image_as_pattern=\u00bbwithout_pattern\u00bb z_index=\u00bb\u00bb][vc_column][vc_empty_space height=\u00bb60px\u00bb][vc_column_text] Instalaciones [\/vc_column_text][vc_separator type=\u00bbsmall\u00bb position=\u00bbcenter\u00bb color=\u00bb#818181&#8243; thickness=\u00bb1,5&#8243; width=\u00bb20&#8243;][\/vc_column][\/vc_row][vc_row css_animation=\u00bb\u00bb row_type=\u00bbrow\u00bb use_row_as_full_screen_section=\u00bbno\u00bb type=\u00bbgrid\u00bb angled_section=\u00bbno\u00bb text_align=\u00bbleft\u00bb background_image_as_pattern=\u00bbwithout_pattern\u00bb z_index=\u00bb\u00bb][vc_column][vc_empty_space height=\u00bb60px\u00bb][vc_column_text]Para una mejor convivencia, en la residencia El Jard\u00ed de l&#8217;Empord\u00e0, existen dos sectores diferenciados, el de aut\u00f3nomos 18 plazas&#8230;<\/p>\n","protected":false},"author":2,"featured_media":0,"parent":0,"menu_order":0,"comment_status":"closed","ping_status":"closed","template":"full_width.php","meta":{"footnotes":""},"yst_prominent_words":[],"class_list":["post-423","page","type-page","status-publish","hentry"],"_links":{"self":[{"href":"https:\/\/residenciaeljardi.com\/es\/wp-json\/wp\/v2\/pages\/423","targetHints":{"allow":["GET"]}}],"collection":[{"href":"https:\/\/residenciaeljardi.com\/es\/wp-json\/wp\/v2\/pages"}],"about":[{"href":"https:\/\/residenciaeljardi.com\/es\/wp-json\/wp\/v2\/types\/page"}],"author":[{"embeddable":true,"href":"https:\/\/residenciaeljardi.com\/es\/wp-json\/wp\/v2\/users\/2"}],"replies":[{"embeddable":true,"href":"https:\/\/residenciaeljardi.com\/es\/wp-json\/wp\/v2\/comments?post=423"}],"version-history":[{"count":58,"href":"https:\/\/residenciaeljardi.com\/es\/wp-json\/wp\/v2\/pages\/423\/revisions"}],"predecessor-version":[{"id":1849,"href":"https:\/\/residenciaeljardi.com\/es\/wp-json\/wp\/v2\/pages\/423\/revisions\/1849"}],"wp:attachment":[{"href":"https:\/\/residenciaeljardi.com\/es\/wp-json\/wp\/v2\/media?parent=423"}],"wp:term":[{"taxonomy":"yst_prominent_words","embeddable":true,"href":"https:\/\/residenciaeljardi.com\/es\/wp-json\/wp\/v2\/yst_prominent_words?post=423"}],"curies":[{"name":"wp","href":"https:\/\/api.w.org\/{rel}","templated":true}]}}