{"id":291,"date":"2021-05-03T14:56:26","date_gmt":"2021-05-03T14:56:26","guid":{"rendered":"https:\/\/residenciaeljardi.com\/?page_id=291"},"modified":"2024-01-15T10:20:03","modified_gmt":"2024-01-15T10:20:03","slug":"quienes-somos","status":"publish","type":"page","link":"https:\/\/residenciaeljardi.com\/es\/quienes-somos\/","title":{"rendered":"Bienvenidos"},"content":{"rendered":"<p>[vc_row css_animation=\u00bb\u00bb row_type=\u00bbrow\u00bb use_row_as_full_screen_section=\u00bbno\u00bb type=\u00bbfull_width\u00bb angled_section=\u00bbno\u00bb text_align=\u00bbleft\u00bb background_image_as_pattern=\u00bbwithout_pattern\u00bb][vc_column][vc_empty_space height=\u00bb60px\u00bb][vc_column_text]<\/p>\n<h1 style=\"text-align: center;\"><span style=\"color: #818181;\"><strong>Bienvenidos<\/strong><\/span><\/h1>\n<p>[\/vc_column_text][vc_separator type=\u00bbsmall\u00bb position=\u00bbcenter\u00bb color=\u00bb#818181&#8243; thickness=\u00bb1,5&#8243; width=\u00bb20&#8243;][\/vc_column][\/vc_row][vc_row css_animation=\u00bb\u00bb row_type=\u00bbrow\u00bb use_row_as_full_screen_section=\u00bbno\u00bb type=\u00bbfull_width\u00bb angled_section=\u00bbno\u00bb text_align=\u00bbleft\u00bb background_image_as_pattern=\u00bbwithout_pattern\u00bb z_index=\u00bb\u00bb][vc_column][vc_empty_space height=\u00bb60px\u00bb][vc_column_text css=\u00bb.vc_custom_1645784873668{margin-right: 80px !important;margin-left: 80px !important;}\u00bb]El equipo t\u00e9cnico y humano, de la residencia El Jard\u00ed de l&#8217;Empord\u00e0, es la clave de nuestro \u00e9xito. Desde el primer d\u00eda hemos puesto un especial esmero y cuidado, en su selecci\u00f3n, conservaci\u00f3n y control, ya que unas buenas instalaciones no tienen sentido si no estuviesen acompa\u00f1adas por el mejor de los equipos humanos. Por esta raz\u00f3n, la ACP (Atenci\u00f3n Centrada en la Persona) empieza con la mejor de las selecciones de personal, para poder ofrecer a cada residente aquello que necesita y le haga feliz.<\/p>\n<p>&nbsp;<\/p>\n<p>Nuestro objetivo es, mediante un programa individualizado de ACP realizado por un equipo multidisciplinar, de la manera m\u00e1s familiar y personalizada posible, conseguir que nuestros 25 mayores, tengan la atenci\u00f3n de calidad que se merecen, tanto en los aspectos de salud como en los sociales, afectivos o psicol\u00f3gicos.[\/vc_column_text][vc_empty_space height=\u00bb60px\u00bb][\/vc_column][\/vc_row][vc_row css_animation=\u00bb\u00bb row_type=\u00bbrow\u00bb use_row_as_full_screen_section=\u00bbno\u00bb type=\u00bbfull_width\u00bb angled_section=\u00bbno\u00bb text_align=\u00bbleft\u00bb background_image_as_pattern=\u00bbwithout_pattern\u00bb][vc_column][vc_single_image image=\u00bb1759&#8243; img_size=\u00bb600&#215;500&#8243; alignment=\u00bbcenter\u00bb qode_css_animation=\u00bb\u00bb qode_hover_animation=\u00bbbottom_title\u00bb][vc_empty_space height=\u00bb60px\u00bb][\/vc_column][\/vc_row][vc_row css_animation=\u00bb\u00bb row_type=\u00bbrow\u00bb use_row_as_full_screen_section=\u00bbno\u00bb type=\u00bbfull_width\u00bb angled_section=\u00bbno\u00bb text_align=\u00bbleft\u00bb background_image_as_pattern=\u00bbwithout_pattern\u00bb][vc_column][qode_elements_holder background_color=\u00bb#00d084&#8243; number_of_columns=\u00bbthree_columns\u00bb][qode_elements_holder_item advanced_animations=\u00bbno\u00bb background_color=\u00bb#00d084&#8243; item_padding=\u00bb40px 40px 40px 40px\u00bb][vc_column_text]<\/p>\n<div class=\"wpb_text_column wpb_content_element vc_custom_1620747173353\">\n<div class=\"wpb_wrapper\">\n<h5 style=\"text-align: center;\">EQUIPO PROFESIONAL<\/h5>\n<\/div>\n<\/div>\n<div class=\"vc_empty_space\" style=\"text-align: center;\"><\/div>\n<p>[\/vc_column_text][vc_separator type=\u00bbsmall\u00bb position=\u00bbcenter\u00bb width_in_percentages=\u00bbyes\u00bb color=\u00bb#ffffff\u00bb thickness=\u00bb1,5&#8243; width=\u00bb20&#8243;][vc_column_text]<\/p>\n<div class=\"wpb_text_column wpb_content_element vc_custom_1620747173353\">\n<div class=\"wpb_wrapper\">\n<h4 style=\"text-align: center;\"><span style=\"font-size: 16px;\"><strong>Nuestro equipo <\/strong><strong>est\u00e1 formado por estos profesionales:<\/strong><\/span><\/h4>\n<\/div>\n<\/div>\n<div class=\"vc_empty_space\" style=\"text-align: center;\"><\/div>\n<p>[\/vc_column_text][\/qode_elements_holder_item][qode_elements_holder_item advanced_animations=\u00bbno\u00bb background_color=\u00bb#ffba14&#8243; item_padding=\u00bb40px 40px 40px 40px\u00bb][vc_column_text]<\/p>\n<h4 class=\"has-text-align-left\" style=\"text-align: center;\"><strong>DIRECTORA<\/strong><\/h4>\n<p>&nbsp;<\/p>\n<h4 class=\"has-text-align-left\" style=\"text-align: center;\"><strong>\u00a0M\u00c9DICO<\/strong><\/h4>\n<p>&nbsp;<\/p>\n<h4 class=\"has-text-align-left\" style=\"text-align: center;\"><strong>\u00a0ENFERMERA<\/strong><\/h4>\n<p>&nbsp;<\/p>\n<h4 class=\"has-text-align-left\" style=\"text-align: center;\"><strong>TERAPEUTA OCUPACIONAL<\/strong><\/h4>\n<p>&nbsp;<\/p>\n<h4 class=\"has-text-align-left\" style=\"text-align: center;\"><strong>FISIOTERAPEUTA<\/strong><\/h4>\n<p>&nbsp;<\/p>\n<h4 class=\"has-text-align-left\" style=\"text-align: center;\"><strong>TRABAJADORA SOCIAL<\/strong><\/h4>\n<p>&nbsp;<\/p>\n<h4 style=\"text-align: center;\"><strong>PSIC\u00d3LOGA<\/strong><\/h4>\n<p>[\/vc_column_text][\/qode_elements_holder_item][qode_elements_holder_item advanced_animations=\u00bbno\u00bb background_color=\u00bb#00d084&#8243; item_padding=\u00bb40px 40px 40px 40px\u00bb][vc_column_text]<\/p>\n<h4 class=\"has-text-align-left\" style=\"text-align: center;\"><strong>EDUCADOR SOCIAL<\/strong><\/h4>\n<p>&nbsp;<\/p>\n<h4 class=\"has-text-align-left\" style=\"text-align: center;\"><strong>PERSONAL AUXILIAR SOCISANITARIO<\/strong><\/h4>\n<p>&nbsp;<\/p>\n<h4 class=\"has-text-align-left\" style=\"text-align: center;\"><strong>PERSONAL DE LIMPIEZA<\/strong><\/h4>\n<p>&nbsp;<\/p>\n<h4><\/h4>\n<h4 class=\"has-text-align-left\" style=\"text-align: center;\"><strong>PERSONAL DE COCINA<\/strong><\/h4>\n<p>&nbsp;<\/p>\n<h4 class=\"has-text-align-left\" style=\"text-align: center;\"><strong>PELUQUER\u00cdA<\/strong><\/h4>\n<p>&nbsp;<\/p>\n<h4 class=\"has-text-align-left\" style=\"text-align: center;\"><strong>PODOLOG\u00cdA<\/strong><\/h4>\n<p>&nbsp;<\/p>\n<h4 style=\"text-align: center;\">PERSONAL DE MANTENIMIENTO<\/h4>\n<p>&nbsp;<\/p>\n<p>[\/vc_column_text][\/qode_elements_holder_item][\/qode_elements_holder][\/vc_column][\/vc_row][vc_row css_animation=\u00bb\u00bb row_type=\u00bbrow\u00bb use_row_as_full_screen_section=\u00bbno\u00bb type=\u00bbgrid\u00bb angled_section=\u00bbno\u00bb text_align=\u00bbleft\u00bb background_image_as_pattern=\u00bbwithout_pattern\u00bb z_index=\u00bb\u00bb background_image=\u00bb1577&#8243;][vc_column][vc_empty_space height=\u00bb60px\u00bb][vc_column_text]<\/p>\n<div style=\"text-align: center;\">\n<h2 style=\"background: #ffffff68; display: inline-block; padding: 0px 10px;\"><span style=\"color: #818181;\"><strong><em><span style=\"color: ##fae1a0;\">\u00abLa Atenci\u00f3n Centrada en la Persona empieza con la mejor selecci\u00f3n del personal, para poder ofrecer a cada residente aquello que\u00a0 necesita y le hace feliz\u00bb<\/span><\/em><\/strong><\/span><\/h2>\n<\/div>\n<p>[\/vc_column_text][vc_empty_space height=\u00bb60px\u00bb][\/vc_column][\/vc_row]<\/p>\n","protected":false},"excerpt":{"rendered":"<p>[vc_row css_animation=\u00bb\u00bb row_type=\u00bbrow\u00bb use_row_as_full_screen_section=\u00bbno\u00bb type=\u00bbfull_width\u00bb angled_section=\u00bbno\u00bb text_align=\u00bbleft\u00bb background_image_as_pattern=\u00bbwithout_pattern\u00bb][vc_column][vc_empty_space height=\u00bb60px\u00bb][vc_column_text] Bienvenidos [\/vc_column_text][vc_separator type=\u00bbsmall\u00bb position=\u00bbcenter\u00bb color=\u00bb#818181&#8243; thickness=\u00bb1,5&#8243; width=\u00bb20&#8243;][\/vc_column][\/vc_row][vc_row css_animation=\u00bb\u00bb row_type=\u00bbrow\u00bb use_row_as_full_screen_section=\u00bbno\u00bb type=\u00bbfull_width\u00bb angled_section=\u00bbno\u00bb text_align=\u00bbleft\u00bb background_image_as_pattern=\u00bbwithout_pattern\u00bb z_index=\u00bb\u00bb][vc_column][vc_empty_space height=\u00bb60px\u00bb][vc_column_text css=\u00bb.vc_custom_1645784873668{margin-right: 80px !important;margin-left: 80px !important;}\u00bb]El equipo t\u00e9cnico y humano, de la residencia El Jard\u00ed de l&#8217;Empord\u00e0, es la clave de&#8230;<\/p>\n","protected":false},"author":2,"featured_media":0,"parent":0,"menu_order":0,"comment_status":"closed","ping_status":"closed","template":"full_width.php","meta":{"footnotes":""},"yst_prominent_words":[],"class_list":["post-291","page","type-page","status-publish","hentry"],"_links":{"self":[{"href":"https:\/\/residenciaeljardi.com\/es\/wp-json\/wp\/v2\/pages\/291","targetHints":{"allow":["GET"]}}],"collection":[{"href":"https:\/\/residenciaeljardi.com\/es\/wp-json\/wp\/v2\/pages"}],"about":[{"href":"https:\/\/residenciaeljardi.com\/es\/wp-json\/wp\/v2\/types\/page"}],"author":[{"embeddable":true,"href":"https:\/\/residenciaeljardi.com\/es\/wp-json\/wp\/v2\/users\/2"}],"replies":[{"embeddable":true,"href":"https:\/\/residenciaeljardi.com\/es\/wp-json\/wp\/v2\/comments?post=291"}],"version-history":[{"count":96,"href":"https:\/\/residenciaeljardi.com\/es\/wp-json\/wp\/v2\/pages\/291\/revisions"}],"predecessor-version":[{"id":1941,"href":"https:\/\/residenciaeljardi.com\/es\/wp-json\/wp\/v2\/pages\/291\/revisions\/1941"}],"wp:attachment":[{"href":"https:\/\/residenciaeljardi.com\/es\/wp-json\/wp\/v2\/media?parent=291"}],"wp:term":[{"taxonomy":"yst_prominent_words","embeddable":true,"href":"https:\/\/residenciaeljardi.com\/es\/wp-json\/wp\/v2\/yst_prominent_words?post=291"}],"curies":[{"name":"wp","href":"https:\/\/api.w.org\/{rel}","templated":true}]}}