{"id":1901,"date":"2023-12-19T11:59:54","date_gmt":"2023-12-19T11:59:54","guid":{"rendered":"https:\/\/residenciaeljardi.com\/qualitat\/"},"modified":"2024-01-08T11:14:11","modified_gmt":"2024-01-08T11:14:11","slug":"calidad","status":"publish","type":"page","link":"https:\/\/residenciaeljardi.com\/es\/calidad\/","title":{"rendered":"Calidad"},"content":{"rendered":"<p>[vc_row css_animation=\u00bb\u00bb row_type=\u00bbrow\u00bb use_row_as_full_screen_section=\u00bbno\u00bb type=\u00bbgrid\u00bb angled_section=\u00bbno\u00bb text_align=\u00bbleft\u00bb background_image_as_pattern=\u00bbwithout_pattern\u00bb z_index=\u00bb\u00bb][vc_column][vc_empty_space height=\u00bb60px\u00bb][vc_column_text]<\/p>\n<h1 style=\"text-align: center;\"><span style=\"color: #818181;\"><strong>Calidad<\/strong><\/span><\/h1>\n<p>[\/vc_column_text][vc_separator type=\u00bbsmall\u00bb position=\u00bbcenter\u00bb color=\u00bb#818181&#8243; thickness=\u00bb1,5&#8243; width=\u00bb20&#8243;][\/vc_column][\/vc_row][vc_row css_animation=\u00bb\u00bb row_type=\u00bbrow\u00bb use_row_as_full_screen_section=\u00bbno\u00bb type=\u00bbgrid\u00bb angled_section=\u00bbno\u00bb text_align=\u00bbleft\u00bb background_image_as_pattern=\u00bbwithout_pattern\u00bb z_index=\u00bb\u00bb][vc_column][vc_empty_space height=\u00bb60&#8243;][vc_column_text]A continuaci\u00f3n puedes consultar nuestra <strong><span style=\"color: #339966;\"><a style=\"color: #339966;\" href=\"https:\/\/residenciaeljardi.com\/carta-de-serveis\/\">c<\/a><a style=\"color: #339966;\" href=\"https:\/\/residenciaeljardi.com\/carta-de-serveis\/\">arta de servicios<\/a><\/span> <\/strong>as\u00ed como las \u00faltimas <strong><span style=\"color: #339966;\"><a style=\"color: #339966;\" href=\"https:\/\/residenciaeljardi.com\/es\/inspecciones\/\">inspecciones<\/a><\/span><\/strong>.[\/vc_column_text][vc_empty_space height=\u00bb60&#8243;][\/vc_column][\/vc_row]<\/p>\n","protected":false},"excerpt":{"rendered":"<p>[vc_row css_animation=\u00bb\u00bb row_type=\u00bbrow\u00bb use_row_as_full_screen_section=\u00bbno\u00bb type=\u00bbgrid\u00bb angled_section=\u00bbno\u00bb text_align=\u00bbleft\u00bb background_image_as_pattern=\u00bbwithout_pattern\u00bb z_index=\u00bb\u00bb][vc_column][vc_empty_space height=\u00bb60px\u00bb][vc_column_text] Calidad [\/vc_column_text][vc_separator type=\u00bbsmall\u00bb position=\u00bbcenter\u00bb color=\u00bb#818181&#8243; thickness=\u00bb1,5&#8243; width=\u00bb20&#8243;][\/vc_column][\/vc_row][vc_row css_animation=\u00bb\u00bb row_type=\u00bbrow\u00bb use_row_as_full_screen_section=\u00bbno\u00bb type=\u00bbgrid\u00bb angled_section=\u00bbno\u00bb text_align=\u00bbleft\u00bb background_image_as_pattern=\u00bbwithout_pattern\u00bb z_index=\u00bb\u00bb][vc_column][vc_empty_space height=\u00bb60&#8243;][vc_column_text]A continuaci\u00f3n puedes consultar nuestra carta de servicios as\u00ed como las \u00faltimas inspecciones.[\/vc_column_text][vc_empty_space height=\u00bb60&#8243;][\/vc_column][\/vc_row]<\/p>\n","protected":false},"author":2,"featured_media":0,"parent":0,"menu_order":0,"comment_status":"closed","ping_status":"closed","template":"full_width.php","meta":{"footnotes":""},"yst_prominent_words":[],"class_list":["post-1901","page","type-page","status-publish","hentry"],"_links":{"self":[{"href":"https:\/\/residenciaeljardi.com\/es\/wp-json\/wp\/v2\/pages\/1901","targetHints":{"allow":["GET"]}}],"collection":[{"href":"https:\/\/residenciaeljardi.com\/es\/wp-json\/wp\/v2\/pages"}],"about":[{"href":"https:\/\/residenciaeljardi.com\/es\/wp-json\/wp\/v2\/types\/page"}],"author":[{"embeddable":true,"href":"https:\/\/residenciaeljardi.com\/es\/wp-json\/wp\/v2\/users\/2"}],"replies":[{"embeddable":true,"href":"https:\/\/residenciaeljardi.com\/es\/wp-json\/wp\/v2\/comments?post=1901"}],"version-history":[{"count":5,"href":"https:\/\/residenciaeljardi.com\/es\/wp-json\/wp\/v2\/pages\/1901\/revisions"}],"predecessor-version":[{"id":1929,"href":"https:\/\/residenciaeljardi.com\/es\/wp-json\/wp\/v2\/pages\/1901\/revisions\/1929"}],"wp:attachment":[{"href":"https:\/\/residenciaeljardi.com\/es\/wp-json\/wp\/v2\/media?parent=1901"}],"wp:term":[{"taxonomy":"yst_prominent_words","embeddable":true,"href":"https:\/\/residenciaeljardi.com\/es\/wp-json\/wp\/v2\/yst_prominent_words?post=1901"}],"curies":[{"name":"wp","href":"https:\/\/api.w.org\/{rel}","templated":true}]}}